{"id":11,"date":"2020-04-02T08:16:30","date_gmt":"2020-04-02T08:16:30","guid":{"rendered":"https:\/\/obrasyreformasmoroz.live-website.com\/?page_id=11"},"modified":"2020-07-10T08:00:46","modified_gmt":"2020-07-10T08:00:46","slug":"servicios","status":"publish","type":"page","link":"https:\/\/obrasyreformasmoroz.es\/?page_id=11","title":{"rendered":"SERVICIOS"},"content":{"rendered":"\n<div class=\"wp-block-media-text alignwide is-stacked-on-mobile\"><figure class=\"wp-block-media-text__media\"><img loading=\"lazy\" decoding=\"async\" width=\"918\" height=\"437\" src=\"https:\/\/obrasyreformasmoroz.es\/wp-content\/uploads\/2020\/07\/reformasPiso.jpg\" alt=\"\" class=\"wp-image-159\" srcset=\"https:\/\/obrasyreformasmoroz.es\/wp-content\/uploads\/2020\/07\/reformasPiso.jpg 918w, https:\/\/obrasyreformasmoroz.es\/wp-content\/uploads\/2020\/07\/reformasPiso-300x143.jpg 300w, https:\/\/obrasyreformasmoroz.es\/wp-content\/uploads\/2020\/07\/reformasPiso-768x366.jpg 768w\" sizes=\"auto, (max-width: 918px) 100vw, 918px\" \/><\/figure><div class=\"wp-block-media-text__content\">\n<h3 class=\"has-text-align-center wp-block-heading\">REFORMAS DE PISO<\/h3>\n<\/div><\/div>\n\n\n\n<div class=\"wp-block-media-text alignwide has-media-on-the-right is-stacked-on-mobile is-vertically-aligned-center\"><figure class=\"wp-block-media-text__media\"><img loading=\"lazy\" decoding=\"async\" width=\"300\" height=\"300\" src=\"https:\/\/obrasyreformasmoroz.es\/wp-content\/uploads\/2020\/07\/alba\u00f1ileriaGeneral2.png\" alt=\"\" class=\"wp-image-170\" srcset=\"https:\/\/obrasyreformasmoroz.es\/wp-content\/uploads\/2020\/07\/alba\u00f1ileriaGeneral2.png 300w, https:\/\/obrasyreformasmoroz.es\/wp-content\/uploads\/2020\/07\/alba\u00f1ileriaGeneral2-150x150.png 150w\" sizes=\"auto, (max-width: 300px) 100vw, 300px\" \/><\/figure><div class=\"wp-block-media-text__content\">\n<h3 class=\"has-text-align-center wp-block-heading\">ALBA\u00d1ILER\u00cdA GENERAL<\/h3>\n<\/div><\/div>\n\n\n\n<div class=\"wp-block-media-text alignwide is-stacked-on-mobile\"><figure class=\"wp-block-media-text__media\"><img loading=\"lazy\" decoding=\"async\" width=\"284\" height=\"177\" src=\"https:\/\/obrasyreformasmoroz.es\/wp-content\/uploads\/2020\/07\/reformasCocina.png\" alt=\"\" class=\"wp-image-162\"\/><\/figure><div class=\"wp-block-media-text__content\">\n<h3 class=\"has-text-align-center wp-block-heading\">REFORMAS DE COCINA<\/h3>\n<\/div><\/div>\n\n\n\n<div class=\"wp-block-media-text alignwide has-media-on-the-right is-stacked-on-mobile\"><figure class=\"wp-block-media-text__media\"><img loading=\"lazy\" decoding=\"async\" width=\"225\" height=\"224\" src=\"https:\/\/obrasyreformasmoroz.es\/wp-content\/uploads\/2020\/07\/reformasBa\u00f1o.png\" alt=\"\" class=\"wp-image-163\" srcset=\"https:\/\/obrasyreformasmoroz.es\/wp-content\/uploads\/2020\/07\/reformasBa\u00f1o.png 225w, https:\/\/obrasyreformasmoroz.es\/wp-content\/uploads\/2020\/07\/reformasBa\u00f1o-150x150.png 150w\" sizes=\"auto, (max-width: 225px) 100vw, 225px\" \/><\/figure><div class=\"wp-block-media-text__content\">\n<h3 class=\"has-text-align-center wp-block-heading\">REFORMAS DE BA\u00d1O<\/h3>\n<\/div><\/div>\n\n\n\n<div class=\"wp-block-media-text alignwide is-stacked-on-mobile\"><figure class=\"wp-block-media-text__media\"><img loading=\"lazy\" decoding=\"async\" width=\"790\" height=\"445\" src=\"https:\/\/obrasyreformasmoroz.es\/wp-content\/uploads\/2020\/07\/reformasTerrazas.gif\" alt=\"\" class=\"wp-image-164\"\/><\/figure><div class=\"wp-block-media-text__content\">\n<h3 class=\"has-text-align-center wp-block-heading\">REFORMAS DE TERRAZA<\/h3>\n<\/div><\/div>\n\n\n\n<div class=\"wp-block-media-text alignwide has-media-on-the-right is-stacked-on-mobile\"><figure class=\"wp-block-media-text__media\"><img loading=\"lazy\" decoding=\"async\" width=\"311\" height=\"238\" src=\"https:\/\/obrasyreformasmoroz.es\/wp-content\/uploads\/2020\/07\/reformasCubiertas.jpg\" alt=\"\" class=\"wp-image-165\" srcset=\"https:\/\/obrasyreformasmoroz.es\/wp-content\/uploads\/2020\/07\/reformasCubiertas.jpg 311w, https:\/\/obrasyreformasmoroz.es\/wp-content\/uploads\/2020\/07\/reformasCubiertas-300x230.jpg 300w\" sizes=\"auto, (max-width: 311px) 100vw, 311px\" \/><\/figure><div class=\"wp-block-media-text__content\">\n<h3 class=\"has-text-align-center wp-block-heading\">REFORMAS DE CUBIERTA<\/h3>\n<\/div><\/div>\n","protected":false},"excerpt":{"rendered":"<p>REFORMAS DE PISO ALBA\u00d1ILER\u00cdA GENERAL REFORMAS DE COCINA REFORMAS DE BA\u00d1O REFORMAS DE TERRAZA REFORMAS DE CUBIERTA<\/p>\n","protected":false},"author":1,"featured_media":0,"parent":0,"menu_order":0,"comment_status":"closed","ping_status":"closed","template":"","meta":{"footnotes":""},"class_list":["post-11","page","type-page","status-publish","hentry"],"_links":{"self":[{"href":"https:\/\/obrasyreformasmoroz.es\/index.php?rest_route=\/wp\/v2\/pages\/11","targetHints":{"allow":["GET"]}}],"collection":[{"href":"https:\/\/obrasyreformasmoroz.es\/index.php?rest_route=\/wp\/v2\/pages"}],"about":[{"href":"https:\/\/obrasyreformasmoroz.es\/index.php?rest_route=\/wp\/v2\/types\/page"}],"author":[{"embeddable":true,"href":"https:\/\/obrasyreformasmoroz.es\/index.php?rest_route=\/wp\/v2\/users\/1"}],"replies":[{"embeddable":true,"href":"https:\/\/obrasyreformasmoroz.es\/index.php?rest_route=%2Fwp%2Fv2%2Fcomments&post=11"}],"version-history":[{"count":5,"href":"https:\/\/obrasyreformasmoroz.es\/index.php?rest_route=\/wp\/v2\/pages\/11\/revisions"}],"predecessor-version":[{"id":172,"href":"https:\/\/obrasyreformasmoroz.es\/index.php?rest_route=\/wp\/v2\/pages\/11\/revisions\/172"}],"wp:attachment":[{"href":"https:\/\/obrasyreformasmoroz.es\/index.php?rest_route=%2Fwp%2Fv2%2Fmedia&parent=11"}],"curies":[{"name":"wp","href":"https:\/\/api.w.org\/{rel}","templated":true}]}}