{"id":3,"date":"2020-04-01T10:27:42","date_gmt":"2020-04-01T10:27:42","guid":{"rendered":"http:\/\/obrasyreformasmoroz.live-website.com\/?page_id=3"},"modified":"2024-02-12T10:32:21","modified_gmt":"2024-02-12T10:32:21","slug":"reformas-amurrio-construcciones-amurrio-obras-moroz-2","status":"publish","type":"page","link":"https:\/\/obrasyreformasmoroz.es\/?page_id=3","title":{"rendered":"LA EMPRESA"},"content":{"rendered":"\n<h2 class=\"wp-block-heading\">QUIENES SOMOS:<\/h2>\n\n\n\n<p>Por la experiencia,  por el personal y t\u00e9cnicos;<strong>&nbsp;Obras y Reformas Moroz<\/strong>&nbsp;es una empresa&nbsp;<strong>especialista en ejecuci\u00f3n de reformas y alba\u00f1iler\u00eda en general:<\/strong> <\/p>\n\n\n\n<ul class=\"wp-block-list\">\n<li>Refomas de cocina<\/li>\n\n\n\n<li>Reformas de ba\u00f1o<\/li>\n\n\n\n<li>Reformas de terrazas<\/li>\n\n\n\n<li>Reformas de cubiertas<\/li>\n<\/ul>\n\n\n\n<p>Con una larga trayectoria ejecutando obras seguimos trabajando para ofrecer a nuestros clientes el mejor precio y los mejores acabados, todo ello unido a unos plazos de ejecuci\u00f3n que permiten un avance de obra adecuado.<\/p>\n\n\n\n<p> Contamos con equipos de profesionales que cubren, adem\u00e1s de los cap\u00edtulos de reformas, otros cap\u00edtulos de obra, como la Alba\u00f1iler\u00eda, Acabados, Carpinter\u00edas, Instalaciones. Igualmente hemos llevado a cabo un importante n\u00famero de&nbsp;<strong>obras y reformas<\/strong>, de diferentes tipos, con estructura met\u00e1lica, estructura de hormig\u00f3n, estructura mixta, incluyendo interiores, fachadas, cubiertas, etc.<\/p>\n\n\n\n<p><\/p>\n\n\n\n<p><\/p>\n\n\n\n<h2 class=\"wp-block-heading\">P\u00cdDANOS PRESUPUESTO<\/h2>\n\n\n\n<p>No lo dude, p\u00eddanos presupuesto y conf\u00ede la ejecuci\u00f3n de su obra a una empresa con experiencia y dotada de los medios t\u00e9cnicos necesarios para asegurar el mejor de los acabados. <\/p>\n\n\n\n<p><\/p>\n\n\n<div class=\"wpcf7 no-js\" id=\"wpcf7-f390-o1\" lang=\"en-US\" dir=\"ltr\" data-wpcf7-id=\"390\">\n<div class=\"screen-reader-response\"><p role=\"status\" aria-live=\"polite\" aria-atomic=\"true\"><\/p> <ul><\/ul><\/div>\n<form action=\"\/index.php?rest_route=%2Fwp%2Fv2%2Fpages%2F3#wpcf7-f390-o1\" method=\"post\" class=\"wpcf7-form init\" aria-label=\"Contact form\" novalidate=\"novalidate\" data-status=\"init\">\n<fieldset class=\"hidden-fields-container\"><input type=\"hidden\" name=\"_wpcf7\" value=\"390\" \/><input type=\"hidden\" name=\"_wpcf7_version\" value=\"6.1.5\" \/><input type=\"hidden\" name=\"_wpcf7_locale\" value=\"en_US\" \/><input type=\"hidden\" name=\"_wpcf7_unit_tag\" value=\"wpcf7-f390-o1\" \/><input type=\"hidden\" name=\"_wpcf7_container_post\" value=\"0\" \/><input type=\"hidden\" name=\"_wpcf7_posted_data_hash\" value=\"\" \/><input type=\"hidden\" name=\"_wpcf7_recaptcha_response\" value=\"\" \/>\n<\/fieldset>\n<p><strong class=\"title\">Envianos tus propuestas:<\/strong>\n<\/p>\n<p>Nuestro equipo contactar\u00e1 lo m\u00e1s pronto posible contigo!\n<\/p>\n<p><label><span class=\"wpcf7-form-control-wrap\" data-name=\"your-name\"><input size=\"40\" maxlength=\"400\" class=\"wpcf7-form-control wpcf7-text wpcf7-validates-as-required\" aria-required=\"true\" aria-invalid=\"false\" placeholder=\"Nombre:\" value=\"\" type=\"text\" name=\"your-name\" \/><\/span> <\/label>\n<\/p>\n<p><label><span class=\"wpcf7-form-control-wrap\" data-name=\"your-email\"><input size=\"40\" maxlength=\"400\" class=\"wpcf7-form-control wpcf7-email wpcf7-validates-as-required wpcf7-text wpcf7-validates-as-email\" aria-required=\"true\" aria-invalid=\"false\" placeholder=\"Email\" value=\"\" type=\"email\" name=\"your-email\" \/><\/span> <\/label>\n<\/p>\n<p><label><span class=\"wpcf7-form-control-wrap\" data-name=\"your-subject\"><input size=\"40\" maxlength=\"400\" class=\"wpcf7-form-control wpcf7-text\" aria-invalid=\"false\" placeholder=\"Telefono\" value=\"\" type=\"text\" name=\"your-subject\" \/><\/span> <\/label>\n<\/p>\n<p><label> <span class=\"wpcf7-form-control-wrap\" data-name=\"your-message\"><textarea cols=\"40\" rows=\"10\" maxlength=\"2000\" class=\"wpcf7-form-control wpcf7-textarea\" aria-invalid=\"false\" placeholder=\"Propuesta\" name=\"your-message\"><\/textarea><\/span> <\/label>\n<\/p>\n<p><input class=\"wpcf7-form-control wpcf7-submit has-spinner\" type=\"submit\" value=\"ENVIAR\" \/><br \/>\n<em>100% OBRAS Y REFORMAS MOROZ.<\/em>\n<\/p><p style=\"display: none !important;\" class=\"akismet-fields-container\" data-prefix=\"_wpcf7_ak_\"><label>&#916;<textarea name=\"_wpcf7_ak_hp_textarea\" cols=\"45\" rows=\"8\" maxlength=\"100\"><\/textarea><\/label><input type=\"hidden\" id=\"ak_js_1\" name=\"_wpcf7_ak_js\" value=\"34\"\/><script>document.getElementById( \"ak_js_1\" ).setAttribute( \"value\", ( new Date() ).getTime() );<\/script><\/p><div class=\"wpcf7-response-output\" aria-hidden=\"true\"><\/div>\n<\/form>\n<\/div>\n","protected":false},"excerpt":{"rendered":"<p>REFORMAS AMURRIO CONSTRUCCIONES AMURRIO OBRAS MOROZ <\/p>\n","protected":false},"author":1,"featured_media":0,"parent":0,"menu_order":0,"comment_status":"closed","ping_status":"closed","template":"","meta":{"footnotes":""},"class_list":["post-3","page","type-page","status-publish","hentry"],"_links":{"self":[{"href":"https:\/\/obrasyreformasmoroz.es\/index.php?rest_route=\/wp\/v2\/pages\/3","targetHints":{"allow":["GET"]}}],"collection":[{"href":"https:\/\/obrasyreformasmoroz.es\/index.php?rest_route=\/wp\/v2\/pages"}],"about":[{"href":"https:\/\/obrasyreformasmoroz.es\/index.php?rest_route=\/wp\/v2\/types\/page"}],"author":[{"embeddable":true,"href":"https:\/\/obrasyreformasmoroz.es\/index.php?rest_route=\/wp\/v2\/users\/1"}],"replies":[{"embeddable":true,"href":"https:\/\/obrasyreformasmoroz.es\/index.php?rest_route=%2Fwp%2Fv2%2Fcomments&post=3"}],"version-history":[{"count":10,"href":"https:\/\/obrasyreformasmoroz.es\/index.php?rest_route=\/wp\/v2\/pages\/3\/revisions"}],"predecessor-version":[{"id":449,"href":"https:\/\/obrasyreformasmoroz.es\/index.php?rest_route=\/wp\/v2\/pages\/3\/revisions\/449"}],"wp:attachment":[{"href":"https:\/\/obrasyreformasmoroz.es\/index.php?rest_route=%2Fwp%2Fv2%2Fmedia&parent=3"}],"curies":[{"name":"wp","href":"https:\/\/api.w.org\/{rel}","templated":true}]}}